{"id":30,"date":"2020-11-04T22:31:17","date_gmt":"2020-11-04T22:31:17","guid":{"rendered":"https:\/\/dms.ohayo.io\/?page_id=30"},"modified":"2021-06-17T22:33:00","modified_gmt":"2021-06-17T22:33:00","slug":"services","status":"publish","type":"page","link":"https:\/\/metauxdms.com\/en\/services\/","title":{"rendered":"Services"},"content":{"rendered":"<p>[et_pb_section fb_built=\u00a0\u00bb1&Prime; _builder_version=\u00a0\u00bb4.9.4&Prime; _module_preset=\u00a0\u00bbdefault\u00a0\u00bb background_image=\u00a0\u00bbhttps:\/\/metauxdms.com\/wp-content\/uploads\/2020\/12\/photo-1.jpg\u00a0\u00bb background_position=\u00a0\u00bbcenter_left\u00a0\u00bb locked=\u00a0\u00bboff\u00a0\u00bb][et_pb_row _builder_version=\u00a0\u00bb4.7.0&Prime; _module_preset=\u00a0\u00bbdefault\u00a0\u00bb][et_pb_column type=\u00a0\u00bb4_4&Prime; _builder_version=\u00a0\u00bb4.7.0&Prime; _module_preset=\u00a0\u00bbdefault\u00a0\u00bb][et_pb_text _builder_version=\u00a0\u00bb4.7.0&Prime; _module_preset=\u00a0\u00bbdefault\u00a0\u00bb text_font=\u00a0\u00bbRajdhani|600|||||||\u00a0\u00bb text_text_color=\u00a0\u00bb#ffffff\u00a0\u00bb text_font_size=\u00a0\u00bb30px\u00a0\u00bb]<\/p>\n<p>SERVICES<\/p>\n<p>[\/et_pb_text][\/et_pb_column][\/et_pb_row][\/et_pb_section][et_pb_section fb_built=\u00a0\u00bb1&Prime; custom_padding_last_edited=\u00a0\u00bbon|phone\u00a0\u00bb _builder_version=\u00a0\u00bb4.7.0&Prime; _module_preset=\u00a0\u00bbdefault\u00a0\u00bb custom_padding=\u00a0\u00bb80px||0px||false|false\u00a0\u00bb custom_padding_tablet=\u00a0\u00bb\u00a0\u00bb custom_padding_phone=\u00a0\u00bb40px||||false|false\u00a0\u00bb][et_pb_row column_structure=\u00a0\u00bb1_3,1_3,1_3&Prime; use_custom_gutter=\u00a0\u00bbon\u00a0\u00bb gutter_width=\u00a0\u00bb2&Prime; make_equal=\u00a0\u00bbon\u00a0\u00bb _builder_version=\u00a0\u00bb4.7.0&Prime; _module_preset=\u00a0\u00bbdefault\u00a0\u00bb][et_pb_column type=\u00a0\u00bb1_3&Prime; _builder_version=\u00a0\u00bb4.7.0&Prime; _module_preset=\u00a0\u00bbdefault\u00a0\u00bb][et_pb_blurb title=\u00a0\u00bbUsinage\u00a0\u00bb image=\u00a0\u00bbhttps:\/\/metauxdms.com\/wp-content\/uploads\/2020\/12\/usinage.jpg\u00a0\u00bb module_class=\u00a0\u00bbet_pb_blurb_cat\u00a0\u00bb _builder_version=\u00a0\u00bb4.9.4&Prime; _module_preset=\u00a0\u00bbdefault\u00a0\u00bb header_font=\u00a0\u00bbRajdhani|700|||||||\u00a0\u00bb body_font=\u00a0\u00bbRajdhani||||||||\u00a0\u00bb body_font_size=\u00a0\u00bb17px\u00a0\u00bb width=\u00a0\u00bb100%\u00a0\u00bb animation_style=\u00a0\u00bbslide\u00a0\u00bb animation_direction=\u00a0\u00bbtop\u00a0\u00bb animation_duration=\u00a0\u00bb1200ms\u00a0\u00bb header_text_color__hover_enabled=\u00a0\u00bboff|hover\u00a0\u00bb header_text_color__hover=\u00a0\u00bbrgba(0,0,0,0.42)\u00a0\u00bb header_letter_spacing__hover_enabled=\u00a0\u00bbon|hover\u00a0\u00bb header_letter_spacing__hover=\u00a0\u00bb1px\u00a0\u00bb]<\/p>\n<p><span>Usinage conventionnel ou usinage CNC, notre personnel qualifi\u00e9 est en mesure d&rsquo;op\u00e9rer la machine qui saura \u00eatre la plus appropri\u00e9e pour effectuer le travail demand\u00e9.<\/span><\/p>\n<p>[\/et_pb_blurb][\/et_pb_column][et_pb_column type=\u00a0\u00bb1_3&Prime; _builder_version=\u00a0\u00bb4.7.0&Prime; _module_preset=\u00a0\u00bbdefault\u00a0\u00bb][et_pb_blurb title=\u00a0\u00bbPliage\u00a0\u00bb image=\u00a0\u00bbhttps:\/\/metauxdms.com\/wp-content\/uploads\/2020\/12\/pliage.jpg\u00a0\u00bb module_class=\u00a0\u00bbet_pb_blurb_cat\u00a0\u00bb _builder_version=\u00a0\u00bb4.7.0&Prime; _module_preset=\u00a0\u00bbdefault\u00a0\u00bb header_font=\u00a0\u00bbRajdhani|700|||||||\u00a0\u00bb body_font=\u00a0\u00bbRajdhani||||||||\u00a0\u00bb body_font_size=\u00a0\u00bb17px\u00a0\u00bb width=\u00a0\u00bb100%\u00a0\u00bb animation_style=\u00a0\u00bbslide\u00a0\u00bb animation_direction=\u00a0\u00bbtop\u00a0\u00bb animation_duration=\u00a0\u00bb1200ms\u00a0\u00bb header_letter_spacing__hover=\u00a0\u00bb1px\u00a0\u00bb header_letter_spacing__hover_enabled=\u00a0\u00bbon|hover\u00a0\u00bb]<\/p>\n<p><span>Lorsque des travaux de pliage son requis, notre plieuse et nos cintreuses nous permettent d&rsquo;accomplir le travail rapidement , que ce soit pour de la t\u00f4le, des tubes ronds ou carr\u00e9s et m\u00eame certains fer angles.<\/span><\/p>\n<p>[\/et_pb_blurb][\/et_pb_column][et_pb_column type=\u00a0\u00bb1_3&Prime; _builder_version=\u00a0\u00bb4.7.0&Prime; _module_preset=\u00a0\u00bbdefault\u00a0\u00bb][et_pb_blurb title=\u00a0\u00bbSoudure\u00a0\u00bb image=\u00a0\u00bbhttps:\/\/metauxdms.com\/wp-content\/uploads\/2020\/12\/soudure.jpg\u00a0\u00bb module_class=\u00a0\u00bbet_pb_blurb_cat\u00a0\u00bb _builder_version=\u00a0\u00bb4.9.4&Prime; _module_preset=\u00a0\u00bbdefault\u00a0\u00bb header_font=\u00a0\u00bbRajdhani|700|||||||\u00a0\u00bb body_font=\u00a0\u00bbRajdhani||||||||\u00a0\u00bb body_font_size=\u00a0\u00bb17px\u00a0\u00bb width=\u00a0\u00bb100%\u00a0\u00bb animation_style=\u00a0\u00bbslide\u00a0\u00bb animation_direction=\u00a0\u00bbtop\u00a0\u00bb animation_duration=\u00a0\u00bb1200ms\u00a0\u00bb header_letter_spacing__hover=\u00a0\u00bb1px\u00a0\u00bb header_letter_spacing__hover_enabled=\u00a0\u00bbon|hover\u00a0\u00bb]<\/p>\n<p><span>Nos \u00e9quipements de soudure nous permettent de satisfaire tous les travaux de fabrication ou de r\u00e9paration qui nous sont confi\u00e9s. Que ce soit des pi\u00e8ces en acier ou aluminium. La qualit\u00e9 de nos soudures est v\u00e9rifi\u00e9e syst\u00e9matiquement pour \u00e9viter tout d\u00e9faut.<\/span><\/p>\n<p>[\/et_pb_blurb][\/et_pb_column][\/et_pb_row][\/et_pb_section][et_pb_section fb_built=\u00a0\u00bb1&Prime; _builder_version=\u00a0\u00bb4.7.0&Prime; _module_preset=\u00a0\u00bbdefault\u00a0\u00bb custom_margin=\u00a0\u00bb0px||120px||false|false\u00a0\u00bb custom_margin_tablet=\u00a0\u00bb||80px||false|false\u00a0\u00bb custom_margin_phone=\u00a0\u00bb-30px||60px||false|false\u00a0\u00bb custom_margin_last_edited=\u00a0\u00bbon|tablet\u00a0\u00bb custom_padding=\u00a0\u00bb0px||0px||false|false\u00a0\u00bb custom_margin__hover_enabled=\u00a0\u00bboff|desktop\u00a0\u00bb][et_pb_row column_structure=\u00a0\u00bb1_3,1_3,1_3&Prime; use_custom_gutter=\u00a0\u00bbon\u00a0\u00bb gutter_width=\u00a0\u00bb2&Prime; make_equal=\u00a0\u00bbon\u00a0\u00bb _builder_version=\u00a0\u00bb4.7.0&Prime; _module_preset=\u00a0\u00bbdefault\u00a0\u00bb][et_pb_column type=\u00a0\u00bb1_3&Prime; _builder_version=\u00a0\u00bb4.7.0&Prime; _module_preset=\u00a0\u00bbdefault\u00a0\u00bb][et_pb_blurb title=\u00a0\u00bbDessin\u00a0\u00bb image=\u00a0\u00bbhttps:\/\/metauxdms.com\/wp-content\/uploads\/2020\/12\/dessin.png\u00a0\u00bb module_class=\u00a0\u00bbet_pb_blurb_cat\u00a0\u00bb _builder_version=\u00a0\u00bb4.9.4&Prime; _module_preset=\u00a0\u00bbdefault\u00a0\u00bb header_font=\u00a0\u00bbRajdhani|700|||||||\u00a0\u00bb body_font=\u00a0\u00bbRajdhani||||||||\u00a0\u00bb body_font_size=\u00a0\u00bb17px\u00a0\u00bb width=\u00a0\u00bb100%\u00a0\u00bb animation_style=\u00a0\u00bbslide\u00a0\u00bb animation_direction=\u00a0\u00bbtop\u00a0\u00bb animation_duration=\u00a0\u00bb1200ms\u00a0\u00bb header_letter_spacing__hover=\u00a0\u00bb1px\u00a0\u00bb header_letter_spacing__hover_enabled=\u00a0\u00bbon|hover\u00a0\u00bb]<\/p>\n<p><span>Vous avez une pi\u00e8ce \u00e0 faire usiner et vous n&rsquo;avez pas les dessins, nous avons les outils de mesure et les logiciels n\u00e9cessaires pour cr\u00e9er un dessin tr\u00e8s pr\u00e9cis requis pour l&rsquo;usinage sur nos diff\u00e9rentes machines.<\/span><\/p>\n<p>[\/et_pb_blurb][\/et_pb_column][et_pb_column type=\u00a0\u00bb1_3&Prime; _builder_version=\u00a0\u00bb4.7.0&Prime; _module_preset=\u00a0\u00bbdefault\u00a0\u00bb][et_pb_blurb title=\u00a0\u00bbR\u00e9paration\u00a0\u00bb image=\u00a0\u00bbhttps:\/\/metauxdms.com\/wp-content\/uploads\/2020\/12\/reparation.jpg\u00a0\u00bb module_class=\u00a0\u00bbet_pb_blurb_cat\u00a0\u00bb _builder_version=\u00a0\u00bb4.9.4&Prime; _module_preset=\u00a0\u00bbdefault\u00a0\u00bb header_font=\u00a0\u00bbRajdhani|700|||||||\u00a0\u00bb body_font=\u00a0\u00bbRajdhani||||||||\u00a0\u00bb body_font_size=\u00a0\u00bb17px\u00a0\u00bb width=\u00a0\u00bb100%\u00a0\u00bb animation_style=\u00a0\u00bbslide\u00a0\u00bb animation_direction=\u00a0\u00bbtop\u00a0\u00bb animation_duration=\u00a0\u00bb1200ms\u00a0\u00bb header_letter_spacing__hover=\u00a0\u00bb1px\u00a0\u00bb header_letter_spacing__hover_enabled=\u00a0\u00bbon|hover\u00a0\u00bb]<\/p>\n<p><span>Que ce soit une pi\u00e8ce de poids lourd, machinerie agricole, excavatrice ou autre nous sommes en mesure d&rsquo;\u00e9valuer et de vous conseiller dans la mani\u00e8re de r\u00e9parer tout bris et soyez assur\u00e9 que nous nous efforcerons d&rsquo;ex\u00e9cuter le travail dans un d\u00e9lai plus que raisonnable.<\/span><\/p>\n<p>[\/et_pb_blurb][\/et_pb_column][et_pb_column type=\u00a0\u00bb1_3&Prime; _builder_version=\u00a0\u00bb4.7.0&Prime; _module_preset=\u00a0\u00bbdefault\u00a0\u00bb][et_pb_blurb title=\u00a0\u00bbHydraulique\u00a0\u00bb image=\u00a0\u00bbhttps:\/\/metauxdms.com\/wp-content\/uploads\/2020\/12\/hydrolique-1.jpg\u00a0\u00bb module_class=\u00a0\u00bbet_pb_blurb_cat\u00a0\u00bb _builder_version=\u00a0\u00bb4.7.0&Prime; _module_preset=\u00a0\u00bbdefault\u00a0\u00bb header_font=\u00a0\u00bbRajdhani|700|||||||\u00a0\u00bb body_font=\u00a0\u00bbRajdhani||||||||\u00a0\u00bb body_font_size=\u00a0\u00bb17px\u00a0\u00bb width=\u00a0\u00bb100%\u00a0\u00bb animation_style=\u00a0\u00bbslide\u00a0\u00bb animation_direction=\u00a0\u00bbtop\u00a0\u00bb animation_duration=\u00a0\u00bb1200ms\u00a0\u00bb header_letter_spacing__hover=\u00a0\u00bb1px\u00a0\u00bb header_letter_spacing__hover_enabled=\u00a0\u00bbon|hover\u00a0\u00bb]<\/p>\n<p><span>Afin d&rsquo;assurer un contr\u00f4le de qualit\u00e9 pour les pi\u00e8ces de haute pr\u00e9cision, nous avons ajout\u00e9 \u00e0 nos \u00e9quipements, une machine \u00e0 mesurer les coordonn\u00e9es tridimensionnelles.<\/span><\/p>\n<p>[\/et_pb_blurb][\/et_pb_column][\/et_pb_row][\/et_pb_section][et_pb_section fb_built=\u00a0\u00bb1&Prime; _builder_version=\u00a0\u00bb4.7.0&Prime; background_color=\u00a0\u00bb#8c8c8c\u00a0\u00bb use_background_color_gradient=\u00a0\u00bbon\u00a0\u00bb background_color_gradient_start=\u00a0\u00bbrgba(0,0,0,0)\u00a0\u00bb background_color_gradient_end=\u00a0\u00bb#000000&Prime; background_color_gradient_overlays_image=\u00a0\u00bbon\u00a0\u00bb background_image=\u00a0\u00bbhttps:\/\/metauxdms.com\/wp-content\/uploads\/2020\/11\/machine-tool-in-metal-factory-with-drilling-cnc-ma-A9LJH7F-1-scaled.jpg\u00a0\u00bb custom_padding=\u00a0\u00bb20px||20px||true\u00a0\u00bb custom_css_main_element=\u00a0\u00bbbackground-attachment: fixed;\u00a0\u00bb locked=\u00a0\u00bboff\u00a0\u00bb][et_pb_row _builder_version=\u00a0\u00bb3.25&Prime; custom_padding=\u00a0\u00bb40px||40px||true\u00a0\u00bb][et_pb_column type=\u00a0\u00bb4_4&Prime; _builder_version=\u00a0\u00bb3.25&Prime; custom_padding=\u00a0\u00bb|||\u00a0\u00bb custom_padding__hover=\u00a0\u00bb|||\u00a0\u00bb][et_pb_text _builder_version=\u00a0\u00bb4.9.4&Prime; _dynamic_attributes=\u00a0\u00bblink_option_url\u00a0\u00bb _module_preset=\u00a0\u00bbdefault\u00a0\u00bb text_font=\u00a0\u00bbRajdhani|700||on|||||\u00a0\u00bb text_text_color=\u00a0\u00bb#ffffff\u00a0\u00bb text_font_size=\u00a0\u00bb30px\u00a0\u00bb text_orientation=\u00a0\u00bbcenter\u00a0\u00bb link_option_url=\u00a0\u00bb@ET-DC@eyJkeW5hbWljIjp0cnVlLCJjb250ZW50IjoicG9zdF9saW5rX3VybF9wYWdlIiwic2V0dGluZ3MiOnsicG9zdF9pZCI6IjE4In19@\u00a0\u00bb hover_enabled=\u00a0\u00bb0&Prime; transform_styles__hover_enabled=\u00a0\u00bbon|hover\u00a0\u00bb transform_scale__hover=\u00a0\u00bb110%|110%\u00a0\u00bb transform_scale__hover_enabled=\u00a0\u00bbon|hover\u00a0\u00bb transform_translate__hover_enabled=\u00a0\u00bbon|desktop\u00a0\u00bb transform_rotate__hover_enabled=\u00a0\u00bbon|desktop\u00a0\u00bb transform_skew__hover_enabled=\u00a0\u00bbon|desktop\u00a0\u00bb transform_origin__hover_enabled=\u00a0\u00bbon|desktop\u00a0\u00bb sticky_enabled=\u00a0\u00bb0&Prime; text_font_size_last_edited=\u00a0\u00bbon|phone\u00a0\u00bb text_font_size_phone=\u00a0\u00bb25px\u00a0\u00bb text_line_height=\u00a0\u00bb1em\u00a0\u00bb]<\/p>\n<p>VOIR NOS R\u00c9ALISATIONS<\/p>\n<p>[\/et_pb_text][\/et_pb_column][\/et_pb_row][\/et_pb_section]<\/p>","protected":false},"excerpt":{"rendered":"<p>SERVICESUsinage conventionnel ou usinage CNC, notre personnel qualifi\u00e9 est en mesure d&rsquo;op\u00e9rer la machine qui saura \u00eatre la plus appropri\u00e9e pour effectuer le travail demand\u00e9.Lorsque des travaux de pliage son requis, notre plieuse et nos cintreuses nous permettent d&rsquo;accomplir le travail rapidement , que ce soit pour de la t\u00f4le, des tubes ronds ou carr\u00e9s [&hellip;]<\/p>","protected":false},"author":1,"featured_media":0,"parent":0,"menu_order":0,"comment_status":"closed","ping_status":"closed","template":"","meta":{"_et_pb_use_builder":"on","_et_pb_old_content":"<!-- wp:divi\/placeholder \/-->","_et_gb_content_width":"","footnotes":""},"class_list":["post-30","page","type-page","status-publish","hentry"],"_links":{"self":[{"href":"https:\/\/metauxdms.com\/en\/wp-json\/wp\/v2\/pages\/30","targetHints":{"allow":["GET"]}}],"collection":[{"href":"https:\/\/metauxdms.com\/en\/wp-json\/wp\/v2\/pages"}],"about":[{"href":"https:\/\/metauxdms.com\/en\/wp-json\/wp\/v2\/types\/page"}],"author":[{"embeddable":true,"href":"https:\/\/metauxdms.com\/en\/wp-json\/wp\/v2\/users\/1"}],"replies":[{"embeddable":true,"href":"https:\/\/metauxdms.com\/en\/wp-json\/wp\/v2\/comments?post=30"}],"version-history":[{"count":0,"href":"https:\/\/metauxdms.com\/en\/wp-json\/wp\/v2\/pages\/30\/revisions"}],"wp:attachment":[{"href":"https:\/\/metauxdms.com\/en\/wp-json\/wp\/v2\/media?parent=30"}],"curies":[{"name":"wp","href":"https:\/\/api.w.org\/{rel}","templated":true}]}}