{"id":22,"date":"2020-11-04T22:29:48","date_gmt":"2020-11-04T22:29:48","guid":{"rendered":"https:\/\/dms.ohayo.io\/?page_id=22"},"modified":"2022-12-07T19:46:41","modified_gmt":"2022-12-07T19:46:41","slug":"contact","status":"publish","type":"page","link":"https:\/\/metauxdms.com\/en\/contact\/","title":{"rendered":"Contact"},"content":{"rendered":"<p>[et_pb_section fb_built=\u00a0\u00bb1&Prime; _builder_version=\u00a0\u00bb4.16&Prime; _module_preset=\u00a0\u00bbdefault\u00a0\u00bb background_image=\u00a0\u00bbhttps:\/\/metauxdms.com\/wp-content\/uploads\/2020\/12\/photo-4.jpg\u00a0\u00bb background_position=\u00a0\u00bbcenter_left\u00a0\u00bb locked=\u00a0\u00bboff\u00a0\u00bb global_colors_info=\u00a0\u00bb{}\u00a0\u00bb][et_pb_row _builder_version=\u00a0\u00bb4.16&Prime; _module_preset=\u00a0\u00bbdefault\u00a0\u00bb global_colors_info=\u00a0\u00bb{}\u00a0\u00bb][et_pb_column type=\u00a0\u00bb4_4&Prime; _builder_version=\u00a0\u00bb4.16&Prime; _module_preset=\u00a0\u00bbdefault\u00a0\u00bb global_colors_info=\u00a0\u00bb{}\u00a0\u00bb][et_pb_text _builder_version=\u00a0\u00bb4.16&Prime; _module_preset=\u00a0\u00bbdefault\u00a0\u00bb text_font=\u00a0\u00bbRajdhani|600|||||||\u00a0\u00bb text_text_color=\u00a0\u00bb#ffffff\u00a0\u00bb text_font_size=\u00a0\u00bb30px\u00a0\u00bb global_colors_info=\u00a0\u00bb{}\u00a0\u00bb]<\/p>\n<p>CONTACT<\/p>\n<p>[\/et_pb_text][\/et_pb_column][\/et_pb_row][\/et_pb_section][et_pb_section fb_built=\u00a0\u00bb1&Prime; disabled_on=\u00a0\u00bbon|off|off\u00a0\u00bb _builder_version=\u00a0\u00bb4.16&Prime; _module_preset=\u00a0\u00bbdefault\u00a0\u00bb global_colors_info=\u00a0\u00bb{}\u00a0\u00bb][et_pb_row column_structure=\u00a0\u00bb1_2,1_2&Prime; _builder_version=\u00a0\u00bb4.16&Prime; _module_preset=\u00a0\u00bbdefault\u00a0\u00bb global_colors_info=\u00a0\u00bb{}\u00a0\u00bb][et_pb_column type=\u00a0\u00bb1_2&Prime; _builder_version=\u00a0\u00bb4.16&Prime; _module_preset=\u00a0\u00bbdefault\u00a0\u00bb global_colors_info=\u00a0\u00bb{}\u00a0\u00bb][et_pb_text _builder_version=\u00a0\u00bb4.16&Prime; _module_preset=\u00a0\u00bbdefault\u00a0\u00bb text_font=\u00a0\u00bbRajdhani|700||on|||||\u00a0\u00bb text_text_color=\u00a0\u00bb#565656&Prime; text_font_size=\u00a0\u00bb24px\u00a0\u00bb text_line_height=\u00a0\u00bb1em\u00a0\u00bb custom_margin=\u00a0\u00bb||||false|false\u00a0\u00bb custom_padding=\u00a0\u00bb||27px||false|false\u00a0\u00bb locked=\u00a0\u00bboff\u00a0\u00bb global_colors_info=\u00a0\u00bb{}\u00a0\u00bb]<\/p>\n<p style=\"text-align: left;\">Coordonn\u00e9es<\/p>\n<p>[\/et_pb_text][et_pb_text _builder_version=\u00a0\u00bb4.16&Prime; _module_preset=\u00a0\u00bbdefault\u00a0\u00bb text_font=\u00a0\u00bbRajdhani||||||||\u00a0\u00bb text_font_size=\u00a0\u00bb17px\u00a0\u00bb text_line_height=\u00a0\u00bb1.8em\u00a0\u00bb link_font=\u00a0\u00bbRajdhani||||||||\u00a0\u00bb link_text_color=\u00a0\u00bb#EB5E2D\u00a0\u00bb custom_padding=\u00a0\u00bb||36px||false|false\u00a0\u00bb custom_css_main_element=\u00a0\u00bbalign-items: center;\u00a0\u00bb global_colors_info=\u00a0\u00bb{}\u00a0\u00bb]<\/p>\n<p>Adresse :\u00a0690 avenue Jean Demers B\u00e9cancour, Qu\u00e9bec G9H 3A3<br \/>T\u00e9l\u00e9phone : 819-294-4484<br \/>T\u00e9l\u00e9copieur : 819-294-4666<br \/>Sans frais : 1-833-294-4484<br \/>Courriel : <strong><span style=\"text-decoration: underline;\"><a href=\"mailto:metauxdms@metauxdms.com\" target=\"_blank\" rel=\"noopener\">metauxdms@metauxdms.com<\/a><\/span><\/strong><\/p>\n<p>[\/et_pb_text][et_pb_text _builder_version=\u00a0\u00bb4.16&Prime; _module_preset=\u00a0\u00bbdefault\u00a0\u00bb text_font=\u00a0\u00bbRajdhani|700||on|||||\u00a0\u00bb text_text_color=\u00a0\u00bb#565656&Prime; text_font_size=\u00a0\u00bb24px\u00a0\u00bb text_line_height=\u00a0\u00bb1em\u00a0\u00bb custom_margin=\u00a0\u00bb||||false|false\u00a0\u00bb custom_padding=\u00a0\u00bb||27px||false|false\u00a0\u00bb locked=\u00a0\u00bboff\u00a0\u00bb global_colors_info=\u00a0\u00bb{}\u00a0\u00bb]<\/p>\n<p style=\"text-align: left;\">Personnes-ressources<\/p>\n<p>[\/et_pb_text][et_pb_text _builder_version=\u00a0\u00bb4.16&Prime; _module_preset=\u00a0\u00bbdefault\u00a0\u00bb text_font=\u00a0\u00bbRajdhani||||||||\u00a0\u00bb text_font_size=\u00a0\u00bb17px\u00a0\u00bb text_line_height=\u00a0\u00bb0.6em\u00a0\u00bb link_font=\u00a0\u00bbRajdhani||||||||\u00a0\u00bb link_text_color=\u00a0\u00bb#EB5E2D\u00a0\u00bb custom_padding=\u00a0\u00bb||5px||false|false\u00a0\u00bb locked=\u00a0\u00bboff\u00a0\u00bb global_colors_info=\u00a0\u00bb{}\u00a0\u00bb content__hover_enabled=\u00a0\u00bbon|desktop\u00a0\u00bb content__hover=\u00a0\u00bb<\/p>\n<p style=\"%22text-align:\" left;%22><span style=\"%22color:\" #000080;%22><strong>Daniel Ricard<\/strong><\/span><\/p>\n<p style=\"%22text-align:\" left;%22>Pr\u00e9sident<\/p>\n<p>Courriel : <strong><span style=\"%22text-decoration:\" underline; color: #000000;%22><a href=\"\/en\/%22mailto:metauxdms@metauxdms.com%22\/\" data-et-target-link=\"%22_blank%22\" rel=\"%22noopener%22\" style=\"%22color:\" #000000; text-decoration: underline;%22>metauxdms@metauxdms.com<\/a><\/span><\/strong><\/p>\n<p>Cellulaire : 819-609-7003<\/p>\n<p>\u00ab\u00a0]<\/p>\n<p style=\"text-align: left;\"><span style=\"color: #000080;\"><strong>Daniel Ricard<\/strong><\/span><\/p>\n<p style=\"text-align: left;\">Pr\u00e9sident<\/p>\n<p>Courriel : <strong><span style=\"text-decoration: underline; color: #000000;\"><a href=\"mailto:metauxdms@metauxdms.com\" target=\"_blank\" rel=\"noopener\" style=\"color: #000000; text-decoration: underline;\">metauxdms@metauxdms.com<\/a><\/span><\/strong><\/p>\n<p>Cellulaire : 819-609-7003<\/p>\n<p>[\/et_pb_text][et_pb_text _builder_version=\u00a0\u00bb4.19.0&Prime; _module_preset=\u00a0\u00bbdefault\u00a0\u00bb text_font=\u00a0\u00bbRajdhani||||||||\u00a0\u00bb text_font_size=\u00a0\u00bb17px\u00a0\u00bb text_line_height=\u00a0\u00bb0.6em\u00a0\u00bb link_font=\u00a0\u00bbRajdhani||||||||\u00a0\u00bb link_text_color=\u00a0\u00bb#EB5E2D\u00a0\u00bb custom_padding=\u00a0\u00bb||5px||false|false\u00a0\u00bb hover_enabled=\u00a0\u00bb0&Prime; locked=\u00a0\u00bboff\u00a0\u00bb global_colors_info=\u00a0\u00bb{}\u00a0\u00bb sticky_enabled=\u00a0\u00bb0&Prime;]<span style=\"color: #000080;\"><strong>Administration<\/strong><\/span><\/p>\n<p>Courriel : <strong><span style=\"text-decoration: underline;\"><a href=\"mailto:admindms@metauxdms.com\" target=\"_blank\" rel=\"noopener\">admindms@metauxdms.com<\/a><\/span><\/strong>[\/et_pb_text][\/et_pb_column][et_pb_column type=\u00a0\u00bb1_2&Prime; _builder_version=\u00a0\u00bb4.16&Prime; _module_preset=\u00a0\u00bbdefault\u00a0\u00bb global_colors_info=\u00a0\u00bb{}\u00a0\u00bb][et_pb_text _builder_version=\u00a0\u00bb4.16&Prime; _module_preset=\u00a0\u00bbdefault\u00a0\u00bb text_font=\u00a0\u00bbRajdhani|700||on|||||\u00a0\u00bb text_text_color=\u00a0\u00bb#565656&Prime; text_font_size=\u00a0\u00bb24px\u00a0\u00bb text_line_height=\u00a0\u00bb1em\u00a0\u00bb custom_margin=\u00a0\u00bb||||false|false\u00a0\u00bb custom_padding=\u00a0\u00bb||27px||false|false\u00a0\u00bb locked=\u00a0\u00bboff\u00a0\u00bb global_colors_info=\u00a0\u00bb{}\u00a0\u00bb]<\/p>\n<p style=\"text-align: left;\">Contactez-nous !<\/p>\n<p>[\/et_pb_text][dvppl_cf7_styler cf7=\u00a0\u00bb50523&Prime; _builder_version=\u00a0\u00bb4.16&Prime; _module_preset=\u00a0\u00bbdefault\u00a0\u00bb form_field_font_font=\u00a0\u00bbRajdhani||||||||\u00a0\u00bb form_field_font_font_size=\u00a0\u00bb15px\u00a0\u00bb labels_font=\u00a0\u00bbRajdhani||||||||\u00a0\u00bb placeholder_font=\u00a0\u00bbRajdhani||||||||\u00a0\u00bb custom_submit_button=\u00a0\u00bbon\u00a0\u00bb submit_button_text_size=\u00a0\u00bb16px\u00a0\u00bb submit_button_text_color=\u00a0\u00bb#ffffff\u00a0\u00bb submit_button_bg_color=\u00a0\u00bb#606060&Prime; submit_button_border_width=\u00a0\u00bb0px\u00a0\u00bb submit_button_border_color=\u00a0\u00bb#686868&Prime; submit_button_border_radius=\u00a0\u00bb3px\u00a0\u00bb submit_button_letter_spacing=\u00a0\u00bb0px\u00a0\u00bb submit_button_font=\u00a0\u00bbRajdhani|600|||||||\u00a0\u00bb submit_button_custom_margin=\u00a0\u00bb||0px||false|false\u00a0\u00bb submit_button_custom_padding=\u00a0\u00bb14px|37px|14px|37px|true|true\u00a0\u00bb submit_button_text_color_tablet=\u00a0\u00bb\u00a0\u00bb submit_button_text_color_phone=\u00a0\u00bb\u00a0\u00bb submit_button_text_color_last_edited=\u00a0\u00bbon|desktop\u00a0\u00bb submit_button_bg_color_tablet=\u00a0\u00bb\u00a0\u00bb submit_button_bg_color_phone=\u00a0\u00bb\u00a0\u00bb submit_button_bg_color_last_edited=\u00a0\u00bbon|desktop\u00a0\u00bb global_colors_info=\u00a0\u00bb{}\u00a0\u00bb submit_button_text_color__hover_enabled=\u00a0\u00bbon|hover\u00a0\u00bb submit_button_text_color__hover=\u00a0\u00bb#000000&Prime; submit_button_bg_color__hover_enabled=\u00a0\u00bbon|hover\u00a0\u00bb submit_button_bg_color__hover=\u00a0\u00bb#c3c3c3&Prime; submit_button_bg_enable_color__hover=\u00a0\u00bbon\u00a0\u00bb][\/dvppl_cf7_styler][\/et_pb_column][\/et_pb_row][\/et_pb_section][et_pb_section fb_built=\u00a0\u00bb1&Prime; disabled_on=\u00a0\u00bboff|on|on\u00a0\u00bb _builder_version=\u00a0\u00bb4.16&Prime; _module_preset=\u00a0\u00bbdefault\u00a0\u00bb global_colors_info=\u00a0\u00bb{}\u00a0\u00bb][et_pb_row column_structure=\u00a0\u00bb1_2,1_2&Prime; _builder_version=\u00a0\u00bb4.16&Prime; _module_preset=\u00a0\u00bbdefault\u00a0\u00bb custom_padding=\u00a0\u00bb||5px||false|false\u00a0\u00bb global_colors_info=\u00a0\u00bb{}\u00a0\u00bb][et_pb_column type=\u00a0\u00bb1_2&Prime; _builder_version=\u00a0\u00bb4.16&Prime; _module_preset=\u00a0\u00bbdefault\u00a0\u00bb global_colors_info=\u00a0\u00bb{}\u00a0\u00bb][et_pb_text _builder_version=\u00a0\u00bb4.16&Prime; _module_preset=\u00a0\u00bbdefault\u00a0\u00bb text_font=\u00a0\u00bbRajdhani|700||on|||||\u00a0\u00bb text_text_color=\u00a0\u00bb#565656&Prime; text_font_size=\u00a0\u00bb24px\u00a0\u00bb text_line_height=\u00a0\u00bb1em\u00a0\u00bb custom_margin=\u00a0\u00bb||||false|false\u00a0\u00bb custom_padding=\u00a0\u00bb||0px||false|false\u00a0\u00bb custom_padding_tablet=\u00a0\u00bb\u00a0\u00bb custom_padding_phone=\u00a0\u00bb\u00a0\u00bb custom_padding_last_edited=\u00a0\u00bbon|phone\u00a0\u00bb locked=\u00a0\u00bboff\u00a0\u00bb global_colors_info=\u00a0\u00bb{}\u00a0\u00bb]<\/p>\n<p style=\"text-align: left;\">Coordonn\u00e9es<\/p>\n<p>[\/et_pb_text][et_pb_text _builder_version=\u00a0\u00bb4.16&Prime; _module_preset=\u00a0\u00bbdefault\u00a0\u00bb text_font=\u00a0\u00bbRajdhani||||||||\u00a0\u00bb text_font_size=\u00a0\u00bb17px\u00a0\u00bb text_line_height=\u00a0\u00bb1.8em\u00a0\u00bb link_font=\u00a0\u00bbRajdhani||||||||\u00a0\u00bb link_text_color=\u00a0\u00bb#EB5E2D\u00a0\u00bb custom_padding=\u00a0\u00bb||20px||false|false\u00a0\u00bb custom_css_main_element=\u00a0\u00bbalign-items: center;\u00a0\u00bb global_colors_info=\u00a0\u00bb{}\u00a0\u00bb]<\/p>\n<p>Adresse :\u00a0690 avenue Jean Demers B\u00e9cancour, Qu\u00e9bec G9H 3A3<br \/>T\u00e9l\u00e9phone : 819-294-4484<br \/>T\u00e9l\u00e9copieur : 819-294-4666<br \/>Sans frais : 1-833-294-4484<br \/>Courriel : <strong><span style=\"text-decoration: underline;\"><a href=\"mailto:metauxdms@metauxdms.com\" target=\"_blank\" rel=\"noopener\">metauxdms@metauxdms.com<\/a><\/span><\/strong><\/p>\n<p>[\/et_pb_text][et_pb_text _builder_version=\u00a0\u00bb4.16&Prime; _module_preset=\u00a0\u00bbdefault\u00a0\u00bb text_font=\u00a0\u00bbRajdhani|700||on|||||\u00a0\u00bb text_text_color=\u00a0\u00bb#565656&Prime; text_font_size=\u00a0\u00bb24px\u00a0\u00bb text_line_height=\u00a0\u00bb1em\u00a0\u00bb custom_margin=\u00a0\u00bb||||false|false\u00a0\u00bb custom_padding=\u00a0\u00bb||0px||false|false\u00a0\u00bb locked=\u00a0\u00bboff\u00a0\u00bb global_colors_info=\u00a0\u00bb{}\u00a0\u00bb]<\/p>\n<p style=\"text-align: left;\">Personnes-ressources<\/p>\n<p>[\/et_pb_text][et_pb_text _builder_version=\u00a0\u00bb4.16&Prime; _module_preset=\u00a0\u00bbdefault\u00a0\u00bb text_font=\u00a0\u00bbRajdhani||||||||\u00a0\u00bb text_font_size=\u00a0\u00bb17px\u00a0\u00bb text_line_height=\u00a0\u00bb1em\u00a0\u00bb link_font=\u00a0\u00bbRajdhani||||||||\u00a0\u00bb link_text_color=\u00a0\u00bb#EB5E2D\u00a0\u00bb custom_padding=\u00a0\u00bb||5px||false|false\u00a0\u00bb locked=\u00a0\u00bboff\u00a0\u00bb global_colors_info=\u00a0\u00bb{}\u00a0\u00bb content__hover_enabled=\u00a0\u00bbon|desktop\u00a0\u00bb content__hover=\u00a0\u00bb<\/p>\n<p style=\"%22text-align:\" left;%22><span style=\"%22color:\" #000080;%22><strong>Daniel Ricard<\/strong><\/span><\/p>\n<p style=\"%22text-align:\" left;%22>Pr\u00e9sident<\/p>\n<p>Courriel : <strong><span style=\"%22text-decoration:\" underline; color: #000000;%22><a href=\"\/en\/%22mailto:metauxdms@metauxdms.com%22\/\" data-et-target-link=\"%22_blank%22\" rel=\"%22noopener%22\" style=\"%22color:\" #000000; text-decoration: underline;%22>metauxdms@metauxdms.com<\/a><\/span><\/strong><\/p>\n<p>Cellulaire : 819-609-7003<\/p>\n<p>\u00ab\u00a0]<\/p>\n<p style=\"text-align: left;\"><span style=\"color: #000080;\"><strong>Daniel Ricard<\/strong><\/span><\/p>\n<p style=\"text-align: left;\">Pr\u00e9sident<\/p>\n<p>Courriel : <strong><span style=\"text-decoration: underline; color: #000000;\"><a href=\"mailto:metauxdms@metauxdms.com\" target=\"_blank\" rel=\"noopener\" style=\"color: #000000; text-decoration: underline;\">metauxdms@metauxdms.com<\/a><\/span><\/strong><\/p>\n<p>Cellulaire : 819-609-7003<\/p>\n<p>[\/et_pb_text][et_pb_text _builder_version=\u00a0\u00bb4.19.0&Prime; _module_preset=\u00a0\u00bbdefault\u00a0\u00bb text_font=\u00a0\u00bbRajdhani||||||||\u00a0\u00bb text_font_size=\u00a0\u00bb17px\u00a0\u00bb text_line_height=\u00a0\u00bb0.6em\u00a0\u00bb link_font=\u00a0\u00bbRajdhani||||||||\u00a0\u00bb link_text_color=\u00a0\u00bb#EB5E2D\u00a0\u00bb custom_padding=\u00a0\u00bb||5px||false|false\u00a0\u00bb hover_enabled=\u00a0\u00bb0&Prime; locked=\u00a0\u00bboff\u00a0\u00bb global_colors_info=\u00a0\u00bb{}\u00a0\u00bb sticky_enabled=\u00a0\u00bb0&Prime;]<\/p>\n<p><span style=\"color: #000080;\"><strong>Administration<\/strong><\/span><\/p>\n<p>Courriel : <strong><span style=\"text-decoration: underline;\"><a href=\"mailto:admindms@metauxdms.com\" target=\"_blank\" rel=\"noopener\">admindms@metauxdms.com<\/a><\/span><\/strong><\/p>\n<p>[\/et_pb_text][\/et_pb_column][et_pb_column type=\u00a0\u00bb1_2&Prime; _builder_version=\u00a0\u00bb4.16&Prime; _module_preset=\u00a0\u00bbdefault\u00a0\u00bb global_colors_info=\u00a0\u00bb{}\u00a0\u00bb][et_pb_text _builder_version=\u00a0\u00bb4.16&Prime; _module_preset=\u00a0\u00bbdefault\u00a0\u00bb text_font=\u00a0\u00bbRajdhani|700||on|||||\u00a0\u00bb text_text_color=\u00a0\u00bb#565656&Prime; text_font_size=\u00a0\u00bb24px\u00a0\u00bb text_line_height=\u00a0\u00bb1em\u00a0\u00bb custom_margin=\u00a0\u00bb||||false|false\u00a0\u00bb custom_padding=\u00a0\u00bb20px||0px||false|false\u00a0\u00bb locked=\u00a0\u00bboff\u00a0\u00bb global_colors_info=\u00a0\u00bb{}\u00a0\u00bb]<\/p>\n<p style=\"text-align: left;\">Contactez-nous !<\/p>\n<p>[\/et_pb_text][dvppl_cf7_styler cf7=\u00a0\u00bb51228&Prime; _builder_version=\u00a0\u00bb4.16&Prime; _module_preset=\u00a0\u00bbdefault\u00a0\u00bb form_field_font_font=\u00a0\u00bbRajdhani||||||||\u00a0\u00bb form_field_font_font_size=\u00a0\u00bb15px\u00a0\u00bb labels_font=\u00a0\u00bbRajdhani||||||||\u00a0\u00bb placeholder_font=\u00a0\u00bbRajdhani||||||||\u00a0\u00bb custom_submit_button=\u00a0\u00bbon\u00a0\u00bb submit_button_text_size=\u00a0\u00bb21px\u00a0\u00bb submit_button_text_color=\u00a0\u00bb#ffffff\u00a0\u00bb submit_button_bg_color=\u00a0\u00bb#606060&Prime; submit_button_border_width=\u00a0\u00bb1px\u00a0\u00bb submit_button_border_color=\u00a0\u00bb#686868&Prime; submit_button_border_radius=\u00a0\u00bb0px\u00a0\u00bb submit_button_letter_spacing=\u00a0\u00bb0px\u00a0\u00bb submit_button_font=\u00a0\u00bbRajdhani|500|||||||\u00a0\u00bb submit_button_custom_margin=\u00a0\u00bb||0px||false|false\u00a0\u00bb submit_button_custom_padding=\u00a0\u00bb9px||9px||true|false\u00a0\u00bb global_colors_info=\u00a0\u00bb{}\u00a0\u00bb][\/dvppl_cf7_styler][\/et_pb_column][\/et_pb_row][\/et_pb_section][et_pb_section fb_built=\u00a0\u00bb1&Prime; admin_label=\u00a0\u00bbSection\u00a0\u00bb _builder_version=\u00a0\u00bb4.16&Prime; _dynamic_attributes=\u00a0\u00bblink_option_url\u00a0\u00bb _module_preset=\u00a0\u00bbdefault\u00a0\u00bb background_color=\u00a0\u00bb#F1F1F1&Prime; background_image=\u00a0\u00bbhttps:\/\/metauxdms.com\/wp-content\/uploads\/2020\/12\/fond-fonce\u0301.jpg\u00a0\u00bb parallax=\u00a0\u00bbon\u00a0\u00bb custom_margin=\u00a0\u00bb0px||0px||true|false\u00a0\u00bb custom_padding=\u00a0\u00bb||23px|||\u00a0\u00bb link_option_url=\u00a0\u00bb@ET-DC@eyJkeW5hbWljIjp0cnVlLCJjb250ZW50IjoicG9zdF9saW5rX3VybF9wYWdlIiwic2V0dGluZ3MiOnsicG9zdF9pZCI6IjMwIn19@\u00a0\u00bb locked=\u00a0\u00bboff\u00a0\u00bb global_colors_info=\u00a0\u00bb{}\u00a0\u00bb background__hover_enabled=\u00a0\u00bbon|hover\u00a0\u00bb][et_pb_row _builder_version=\u00a0\u00bb4.16&Prime; _module_preset=\u00a0\u00bbdefault\u00a0\u00bb custom_padding=\u00a0\u00bb0px||0px||true|false\u00a0\u00bb custom_css_main_element=\u00a0\u00bbalign-items: center;\u00a0\u00bb global_colors_info=\u00a0\u00bb{}\u00a0\u00bb][et_pb_column type=\u00a0\u00bb4_4&Prime; _builder_version=\u00a0\u00bb4.16&Prime; _module_preset=\u00a0\u00bbdefault\u00a0\u00bb global_colors_info=\u00a0\u00bb{}\u00a0\u00bb][et_pb_text _builder_version=\u00a0\u00bb4.16&Prime; _module_preset=\u00a0\u00bbdefault\u00a0\u00bb text_font=\u00a0\u00bbRajdhani||||||||\u00a0\u00bb text_text_color=\u00a0\u00bb#ffffff\u00a0\u00bb header_font=\u00a0\u00bbRajdhani|700|||||||\u00a0\u00bb header_text_align=\u00a0\u00bbcenter\u00a0\u00bb header_text_color=\u00a0\u00bb#ffffff\u00a0\u00bb link_option_url=\u00a0\u00bbhttps:\/\/www.facebook.com\/M%C3%A9taux-DMS-inc-289948434815544\/\u00a0\u00bb link_option_url_new_window=\u00a0\u00bbon\u00a0\u00bb header_font_size_tablet=\u00a0\u00bb\u00a0\u00bb header_font_size_phone=\u00a0\u00bb25px\u00a0\u00bb header_font_size_last_edited=\u00a0\u00bbon|phone\u00a0\u00bb custom_css_main_element=\u00a0\u00bbalign-items: center;\u00a0\u00bb global_colors_info=\u00a0\u00bb{}\u00a0\u00bb transform_styles__hover_enabled=\u00a0\u00bbon|hover\u00a0\u00bb transform_scale__hover=\u00a0\u00bb110%|110%\u00a0\u00bb transform_scale__hover_enabled=\u00a0\u00bbon|hover\u00a0\u00bb transform_translate__hover_enabled=\u00a0\u00bbon|desktop\u00a0\u00bb transform_rotate__hover_enabled=\u00a0\u00bbon|desktop\u00a0\u00bb transform_skew__hover_enabled=\u00a0\u00bbon|desktop\u00a0\u00bb transform_origin__hover_enabled=\u00a0\u00bbon|desktop\u00a0\u00bb]<\/p>\n<h1>VOUS SOUHAITEZ REJOINDRE L&rsquo;\u00c9QUIPE ?<\/h1>\n<h1><span style=\"font-size: 17px;\">Consultez nos offres et postulez en ligne\u00a0\u00a0<\/span><\/h1>\n<p>[\/et_pb_text][\/et_pb_column][\/et_pb_row][\/et_pb_section]<\/p>","protected":false},"excerpt":{"rendered":"<p>CONTACTCoordonn\u00e9esAdresse :\u00a0690 avenue Jean Demers B\u00e9cancour, Qu\u00e9bec G9H 3A3T\u00e9l\u00e9phone : 819-294-4484T\u00e9l\u00e9copieur : 819-294-4666Sans frais : 1-833-294-4484Courriel : metauxdms@metauxdms.comPersonnes-ressourcesDaniel Ricard Pr\u00e9sident Courriel : metauxdms@metauxdms.com Cellulaire : 819-609-7003Administration Courriel : admindms@metauxdms.comContactez-nous !<div class=\"et_pb_module dvppl_cf7_styler dvppl_cf7_styler_0\">\n\t\t\t\t\n\t\t\t\t\n\t\t\t\t\n\t\t\t\t\n\t\t\t\t\n\t\t\t\t\n\t\t\t\t<div class=\"et_pb_module_inner\">\n\t\t\t\t\t<div class=\"dipe-cf7-container dipe-cf7-button-left\">\n\t\t\t\t\n\t\t\t\t<div class=\"dipe-cf7 dipe-cf7-styler\">\n\t\t\t\t\t<p class=\"wpcf7-contact-form-not-found\"><strong>Error:<\/strong> Contact form not found.<\/p>\n\t\t\t\t<\/div>\n\t\t\t<\/div>\n\t\t\t\t<\/div>\n\t\t\t<\/div><\/p>","protected":false},"author":1,"featured_media":0,"parent":0,"menu_order":0,"comment_status":"closed","ping_status":"closed","template":"","meta":{"_et_pb_use_builder":"on","_et_pb_old_content":"<!-- wp:divi\/placeholder \/-->","_et_gb_content_width":"","footnotes":""},"class_list":["post-22","page","type-page","status-publish","hentry"],"_links":{"self":[{"href":"https:\/\/metauxdms.com\/en\/wp-json\/wp\/v2\/pages\/22","targetHints":{"allow":["GET"]}}],"collection":[{"href":"https:\/\/metauxdms.com\/en\/wp-json\/wp\/v2\/pages"}],"about":[{"href":"https:\/\/metauxdms.com\/en\/wp-json\/wp\/v2\/types\/page"}],"author":[{"embeddable":true,"href":"https:\/\/metauxdms.com\/en\/wp-json\/wp\/v2\/users\/1"}],"replies":[{"embeddable":true,"href":"https:\/\/metauxdms.com\/en\/wp-json\/wp\/v2\/comments?post=22"}],"version-history":[{"count":0,"href":"https:\/\/metauxdms.com\/en\/wp-json\/wp\/v2\/pages\/22\/revisions"}],"wp:attachment":[{"href":"https:\/\/metauxdms.com\/en\/wp-json\/wp\/v2\/media?parent=22"}],"curies":[{"name":"wp","href":"https:\/\/api.w.org\/{rel}","templated":true}]}}