{"id":11,"date":"2020-11-04T22:28:12","date_gmt":"2020-11-04T22:28:12","guid":{"rendered":"https:\/\/dms.ohayo.io\/?page_id=11"},"modified":"2021-06-17T22:34:17","modified_gmt":"2021-06-17T22:34:17","slug":"a-propos","status":"publish","type":"page","link":"https:\/\/metauxdms.com\/en\/a-propos\/","title":{"rendered":"About us"},"content":{"rendered":"<p>[et_pb_section fb_built=\u00a0\u00bb1&Prime; _builder_version=\u00a0\u00bb4.9.4&Prime; _module_preset=\u00a0\u00bbdefault\u00a0\u00bb background_image=\u00a0\u00bbhttps:\/\/metauxdms.com\/wp-content\/uploads\/2020\/12\/photo-2.jpg\u00a0\u00bb background_position=\u00a0\u00bbcenter_left\u00a0\u00bb locked=\u00a0\u00bboff\u00a0\u00bb][et_pb_row _builder_version=\u00a0\u00bb4.7.0&Prime; _module_preset=\u00a0\u00bbdefault\u00a0\u00bb][et_pb_column type=\u00a0\u00bb4_4&Prime; _builder_version=\u00a0\u00bb4.7.0&Prime; _module_preset=\u00a0\u00bbdefault\u00a0\u00bb][et_pb_text _builder_version=\u00a0\u00bb4.9.4&Prime; _module_preset=\u00a0\u00bbdefault\u00a0\u00bb text_font=\u00a0\u00bbRajdhani|600|||||||\u00a0\u00bb text_text_color=\u00a0\u00bb#ffffff\u00a0\u00bb text_font_size=\u00a0\u00bb30px\u00a0\u00bb]<\/p>\n<p>\u00c0 PROPOS<\/p>\n<p>[\/et_pb_text][\/et_pb_column][\/et_pb_row][\/et_pb_section][et_pb_section fb_built=\u00a0\u00bb1&Prime; custom_padding_last_edited=\u00a0\u00bbon|phone\u00a0\u00bb _builder_version=\u00a0\u00bb4.7.0&Prime; _module_preset=\u00a0\u00bbdefault\u00a0\u00bb custom_margin=\u00a0\u00bb0px||||false|false\u00a0\u00bb custom_padding=\u00a0\u00bb||0px||false|false\u00a0\u00bb custom_padding_tablet=\u00a0\u00bb\u00a0\u00bb custom_padding_phone=\u00a0\u00bb0px||||false|false\u00a0\u00bb][et_pb_row column_structure=\u00a0\u00bb3_5,2_5&Prime; use_custom_gutter=\u00a0\u00bbon\u00a0\u00bb make_equal=\u00a0\u00bbon\u00a0\u00bb _builder_version=\u00a0\u00bb4.7.0&Prime; _module_preset=\u00a0\u00bbdefault\u00a0\u00bb height__hover_enabled=\u00a0\u00bboff|desktop\u00a0\u00bb][et_pb_column type=\u00a0\u00bb3_5&Prime; _builder_version=\u00a0\u00bb4.7.0&Prime; _module_preset=\u00a0\u00bbdefault\u00a0\u00bb][et_pb_text _builder_version=\u00a0\u00bb4.9.4&Prime; _module_preset=\u00a0\u00bbdefault\u00a0\u00bb text_font=\u00a0\u00bbRajdhani||||||||\u00a0\u00bb text_font_size=\u00a0\u00bb17px\u00a0\u00bb custom_margin=\u00a0\u00bb25px||35px||false|false\u00a0\u00bb animation_style=\u00a0\u00bbslide\u00a0\u00bb animation_direction=\u00a0\u00bbleft\u00a0\u00bb custom_css_main_element=\u00a0\u00bbalign-items: center;\u00a0\u00bb]<\/p>\n<p><span>Bien que nouvellement arriv\u00e9e \u00e0 B\u00e9cancour, notre entreprise existe depuis bient\u00f4t dix-sept ans. Ayant vu le jour \u00e0 Saint-Wenceslas sous le nom de \u00ab\u00a0Soustraitech\u00a0\u00bb, monsieur Daniel Ricard, fondateur et propri\u00e9taire unique a su, au fil des ans, d\u00e9velopper l&rsquo;entreprise gr\u00e2ce \u00e0 une expertise acquise suite \u00e0 des formations toujours actuelles.<\/span><\/p>\n<p><span>Daniel a su se faire conna\u00eetre en \u00e9tant \u00e0 l&rsquo;\u00e9coute de ses clients. Travailleur acharn\u00e9 et consciencieux, il a su offrir une qualit\u00e9 d&rsquo;ex\u00e9cution ainsi que des d\u00e9lais de livraison tr\u00e8s courts.<\/span><\/p>\n<p><span>Tr\u00e8s vite, avec un carnet de commande en augmentation, Daniel su se monter une \u00e9quipe de travailleurs jeunes et dynamiques ayant le souci du travail bien fait et qui ont \u00e0 c\u0153ur la satisfaction des clients.<\/span><\/p>\n<p><span>En raison du nombre sans cesse grandissant des commandes, les installations du d\u00e9but devinrent trop exigu\u00ebs pour offrir un service ad\u00e9quat.<\/span><\/p>\n<p>[\/et_pb_text][\/et_pb_column][et_pb_column type=\u00a0\u00bb2_5&Prime; _builder_version=\u00a0\u00bb4.7.0&Prime; _module_preset=\u00a0\u00bbdefault\u00a0\u00bb][et_pb_text _builder_version=\u00a0\u00bb4.7.0&Prime; _module_preset=\u00a0\u00bbdefault\u00a0\u00bb background_color=\u00a0\u00bb#848484&Prime; background_image=\u00a0\u00bbhttps:\/\/metauxdms.com\/wp-content\/uploads\/2020\/12\/A-propos-1.jpg\u00a0\u00bb min_height=\u00a0\u00bb380px\u00a0\u00bb animation_style=\u00a0\u00bbslide\u00a0\u00bb animation_direction=\u00a0\u00bbleft\u00a0\u00bb box_shadow_style=\u00a0\u00bbpreset1&Prime; box_shadow_spread=\u00a0\u00bb-24px\u00a0\u00bb box_shadow_color=\u00a0\u00bb#4b62c6&Prime; box_shadow_spread__hover=\u00a0\u00bb-6px\u00a0\u00bb box_shadow_spread__hover_enabled=\u00a0\u00bbon|hover\u00a0\u00bb][\/et_pb_text][\/et_pb_column][\/et_pb_row][\/et_pb_section][et_pb_section fb_built=\u00a0\u00bb1&Prime; _builder_version=\u00a0\u00bb4.7.0&Prime; _module_preset=\u00a0\u00bbdefault\u00a0\u00bb custom_padding=\u00a0\u00bb0px||||false|false\u00a0\u00bb][et_pb_row column_structure=\u00a0\u00bb2_5,3_5&Prime; use_custom_gutter=\u00a0\u00bbon\u00a0\u00bb make_equal=\u00a0\u00bbon\u00a0\u00bb _builder_version=\u00a0\u00bb4.7.0&Prime; _module_preset=\u00a0\u00bbdefault\u00a0\u00bb height__hover_enabled=\u00a0\u00bboff|desktop\u00a0\u00bb][et_pb_column type=\u00a0\u00bb2_5&Prime; _builder_version=\u00a0\u00bb4.7.0&Prime; _module_preset=\u00a0\u00bbdefault\u00a0\u00bb][et_pb_text _builder_version=\u00a0\u00bb4.7.0&Prime; _module_preset=\u00a0\u00bbdefault\u00a0\u00bb background_color=\u00a0\u00bb#848484&Prime; background_image=\u00a0\u00bbhttps:\/\/metauxdms.com\/wp-content\/uploads\/2020\/12\/A-propos-2.jpg\u00a0\u00bb min_height=\u00a0\u00bb380px\u00a0\u00bb animation_style=\u00a0\u00bbslide\u00a0\u00bb animation_direction=\u00a0\u00bbright\u00a0\u00bb box_shadow_style=\u00a0\u00bbpreset1&Prime; box_shadow_spread=\u00a0\u00bb-24px\u00a0\u00bb box_shadow_color=\u00a0\u00bb#4b62c6&Prime; locked=\u00a0\u00bboff\u00a0\u00bb box_shadow_spread__hover=\u00a0\u00bb-6px\u00a0\u00bb box_shadow_spread__hover_enabled=\u00a0\u00bbon|hover\u00a0\u00bb][\/et_pb_text][\/et_pb_column][et_pb_column type=\u00a0\u00bb3_5&Prime; _builder_version=\u00a0\u00bb4.7.0&Prime; _module_preset=\u00a0\u00bbdefault\u00a0\u00bb][et_pb_text _builder_version=\u00a0\u00bb4.9.4&Prime; _module_preset=\u00a0\u00bbdefault\u00a0\u00bb text_font=\u00a0\u00bbRajdhani||||||||\u00a0\u00bb text_font_size=\u00a0\u00bb17px\u00a0\u00bb custom_margin=\u00a0\u00bb10px||40px||false|false\u00a0\u00bb animation_style=\u00a0\u00bbslide\u00a0\u00bb animation_direction=\u00a0\u00bbright\u00a0\u00bb]<\/p>\n<p><span>Avec la volont\u00e9 de toujours bien servir sa client\u00e8le, Daniel se porta acqu\u00e9reur de nouvelles installations situ\u00e9es dans le parc industriel de B\u00e9cancour sur la rive sud de Trois-Rivi\u00e8res en Mauricie.<\/span><br \/><span>Dans ces nouveaux locaux, plus grands et plus fonctionnels, de nouveaux \u00e9quipements furent ajout\u00e9s et d&rsquo;autres s&rsquo;ajouteront dans un avenir rapproch\u00e9.<\/span><\/p>\n<p><span>De plus, un deuxi\u00e8me quart de travail fut ajout\u00e9 afin de pouvoir satisfaire \u00e0 la demande de la client\u00e8le. L&rsquo;\u00e9quipe passe alors \u00e0 neufs travailleurs passionn\u00e9s.<\/span><\/p>\n<p><span>Avec des id\u00e9es plein la t\u00eate et la volont\u00e9 d&rsquo;offrir le meilleur service dans le domaine de l&rsquo;usinage et du travail des m\u00e9taux, Daniel et son \u00e9quipe se font un devoir et une fiert\u00e9 de vous donner les meilleures r\u00e9ponses \u00e0 vos demandes et soyez assur\u00e9s de la comp\u00e9tence sans cesse mise \u00e0 jour de toute l&rsquo;\u00e9quipe de METAUX DMS inc. pour vous donnez enti\u00e8re satisfaction.<\/span><\/p>\n<p><span>Au plaisir de faire de bonnes affaires avec vous.<\/span><\/p>\n<p>[\/et_pb_text][\/et_pb_column][\/et_pb_row][\/et_pb_section][et_pb_section fb_built=\u00a0\u00bb1&Prime; admin_label=\u00a0\u00bbSection\u00a0\u00bb _builder_version=\u00a0\u00bb4.7.0&Prime; _dynamic_attributes=\u00a0\u00bblink_option_url\u00a0\u00bb _module_preset=\u00a0\u00bbdefault\u00a0\u00bb background_color=\u00a0\u00bb#F1F1F1&Prime; background_enable_image=\u00a0\u00bboff\u00a0\u00bb parallax=\u00a0\u00bbon\u00a0\u00bb custom_margin=\u00a0\u00bb0px||0px||true|false\u00a0\u00bb custom_padding=\u00a0\u00bb||23px|||\u00a0\u00bb link_option_url=\u00a0\u00bb@ET-DC@eyJkeW5hbWljIjp0cnVlLCJjb250ZW50IjoicG9zdF9saW5rX3VybF9wYWdlIiwic2V0dGluZ3MiOnsicG9zdF9pZCI6IjMwIn19@\u00a0\u00bb locked=\u00a0\u00bboff\u00a0\u00bb background__hover_enabled=\u00a0\u00bbon|hover\u00a0\u00bb][et_pb_row _builder_version=\u00a0\u00bb4.7.0&Prime; _module_preset=\u00a0\u00bbdefault\u00a0\u00bb custom_padding=\u00a0\u00bb0px||0px||true|false\u00a0\u00bb custom_css_main_element=\u00a0\u00bbalign-items: center;\u00a0\u00bb][et_pb_column type=\u00a0\u00bb4_4&Prime; _builder_version=\u00a0\u00bb4.6.5&Prime; _module_preset=\u00a0\u00bbdefault\u00a0\u00bb][et_pb_text _builder_version=\u00a0\u00bb4.9.4&Prime; _module_preset=\u00a0\u00bbdefault\u00a0\u00bb text_font=\u00a0\u00bbRajdhani||||||||\u00a0\u00bb text_text_color=\u00a0\u00bb#ffffff\u00a0\u00bb header_font=\u00a0\u00bbRajdhani|700|||||||\u00a0\u00bb header_text_align=\u00a0\u00bbcenter\u00a0\u00bb header_text_color=\u00a0\u00bb#686868&Prime; link_option_url=\u00a0\u00bbhttps:\/\/www.facebook.com\/M%C3%A9taux-DMS-inc-289948434815544\/\u00a0\u00bb link_option_url_new_window=\u00a0\u00bbon\u00a0\u00bb hover_enabled=\u00a0\u00bb0&Prime; header_font_size_tablet=\u00a0\u00bb\u00a0\u00bb header_font_size_phone=\u00a0\u00bb25px\u00a0\u00bb header_font_size_last_edited=\u00a0\u00bbon|phone\u00a0\u00bb custom_css_main_element=\u00a0\u00bbalign-items: center;\u00a0\u00bb transform_styles__hover_enabled=\u00a0\u00bbon|hover\u00a0\u00bb transform_scale__hover=\u00a0\u00bb110%|110%\u00a0\u00bb transform_scale__hover_enabled=\u00a0\u00bbon|hover\u00a0\u00bb transform_translate__hover_enabled=\u00a0\u00bbon|desktop\u00a0\u00bb transform_rotate__hover_enabled=\u00a0\u00bbon|desktop\u00a0\u00bb transform_skew__hover_enabled=\u00a0\u00bbon|desktop\u00a0\u00bb transform_origin__hover_enabled=\u00a0\u00bbon|desktop\u00a0\u00bb sticky_enabled=\u00a0\u00bb0&Prime;]<\/p>\n<h1>VOUS SOUHAITEZ REJOINDRE L&rsquo;\u00c9QUIPE ?<\/h1>\n<h1><span style=\"font-size: 17px;\">Consultez nos offres et postulez en ligne\u00a0\u00a0<\/span><\/h1>\n<p>[\/et_pb_text][\/et_pb_column][\/et_pb_row][\/et_pb_section][et_pb_section fb_built=\u00a0\u00bb1&Prime; _builder_version=\u00a0\u00bb4.7.0&Prime; background_color=\u00a0\u00bb#8c8c8c\u00a0\u00bb use_background_color_gradient=\u00a0\u00bbon\u00a0\u00bb background_color_gradient_start=\u00a0\u00bbrgba(0,0,0,0)\u00a0\u00bb background_color_gradient_end=\u00a0\u00bb#000000&Prime; background_color_gradient_overlays_image=\u00a0\u00bbon\u00a0\u00bb background_image=\u00a0\u00bbhttps:\/\/metauxdms.com\/wp-content\/uploads\/2020\/11\/machine-tool-in-metal-factory-with-drilling-cnc-ma-A9LJH7F-1-scaled.jpg\u00a0\u00bb custom_padding=\u00a0\u00bb20px||20px||true\u00a0\u00bb custom_css_main_element=\u00a0\u00bbbackground-attachment: fixed;\u00a0\u00bb locked=\u00a0\u00bboff\u00a0\u00bb][et_pb_row _builder_version=\u00a0\u00bb3.25&Prime; custom_padding=\u00a0\u00bb40px||40px||true\u00a0\u00bb][et_pb_column type=\u00a0\u00bb4_4&Prime; _builder_version=\u00a0\u00bb3.25&Prime; custom_padding=\u00a0\u00bb|||\u00a0\u00bb custom_padding__hover=\u00a0\u00bb|||\u00a0\u00bb][et_pb_text _builder_version=\u00a0\u00bb4.9.4&Prime; _dynamic_attributes=\u00a0\u00bblink_option_url\u00a0\u00bb _module_preset=\u00a0\u00bbdefault\u00a0\u00bb text_font=\u00a0\u00bbRajdhani|700||on|||||\u00a0\u00bb text_text_color=\u00a0\u00bb#ffffff\u00a0\u00bb text_font_size=\u00a0\u00bb30px\u00a0\u00bb text_line_height=\u00a0\u00bb1em\u00a0\u00bb text_orientation=\u00a0\u00bbcenter\u00a0\u00bb link_option_url=\u00a0\u00bb@ET-DC@eyJkeW5hbWljIjp0cnVlLCJjb250ZW50IjoicG9zdF9saW5rX3VybF9wYWdlIiwic2V0dGluZ3MiOnsicG9zdF9pZCI6IjE4In19@\u00a0\u00bb hover_enabled=\u00a0\u00bb0&Prime; text_font_size_tablet=\u00a0\u00bb\u00a0\u00bb text_font_size_phone=\u00a0\u00bb25px\u00a0\u00bb text_font_size_last_edited=\u00a0\u00bbon|phone\u00a0\u00bb transform_styles__hover_enabled=\u00a0\u00bbon|hover\u00a0\u00bb transform_scale__hover=\u00a0\u00bb110%|110%\u00a0\u00bb transform_scale__hover_enabled=\u00a0\u00bbon|hover\u00a0\u00bb transform_translate__hover_enabled=\u00a0\u00bbon|desktop\u00a0\u00bb transform_rotate__hover_enabled=\u00a0\u00bbon|desktop\u00a0\u00bb transform_skew__hover_enabled=\u00a0\u00bbon|desktop\u00a0\u00bb transform_origin__hover_enabled=\u00a0\u00bbon|desktop\u00a0\u00bb sticky_enabled=\u00a0\u00bb0&Prime;]<\/p>\n<p>VOIR NOS R\u00c9ALISATIONS<\/p>\n<p>[\/et_pb_text][\/et_pb_column][\/et_pb_row][\/et_pb_section]<\/p>","protected":false},"excerpt":{"rendered":"<p>\u00c0 PROPOSBien que nouvellement arriv\u00e9e \u00e0 B\u00e9cancour, notre entreprise existe depuis bient\u00f4t dix-sept ans. Ayant vu le jour \u00e0 Saint-Wenceslas sous le nom de \u00ab\u00a0Soustraitech\u00a0\u00bb, monsieur Daniel Ricard, fondateur et propri\u00e9taire unique a su, au fil des ans, d\u00e9velopper l&rsquo;entreprise gr\u00e2ce \u00e0 une expertise acquise suite \u00e0 des formations toujours actuelles. Daniel a su se [&hellip;]<\/p>","protected":false},"author":1,"featured_media":0,"parent":0,"menu_order":0,"comment_status":"closed","ping_status":"closed","template":"","meta":{"_et_pb_use_builder":"on","_et_pb_old_content":"<!-- wp:divi\/placeholder \/-->","_et_gb_content_width":"","footnotes":""},"class_list":["post-11","page","type-page","status-publish","hentry"],"_links":{"self":[{"href":"https:\/\/metauxdms.com\/en\/wp-json\/wp\/v2\/pages\/11","targetHints":{"allow":["GET"]}}],"collection":[{"href":"https:\/\/metauxdms.com\/en\/wp-json\/wp\/v2\/pages"}],"about":[{"href":"https:\/\/metauxdms.com\/en\/wp-json\/wp\/v2\/types\/page"}],"author":[{"embeddable":true,"href":"https:\/\/metauxdms.com\/en\/wp-json\/wp\/v2\/users\/1"}],"replies":[{"embeddable":true,"href":"https:\/\/metauxdms.com\/en\/wp-json\/wp\/v2\/comments?post=11"}],"version-history":[{"count":0,"href":"https:\/\/metauxdms.com\/en\/wp-json\/wp\/v2\/pages\/11\/revisions"}],"wp:attachment":[{"href":"https:\/\/metauxdms.com\/en\/wp-json\/wp\/v2\/media?parent=11"}],"curies":[{"name":"wp","href":"https:\/\/api.w.org\/{rel}","templated":true}]}}